{"id":155,"date":"2021-06-16T13:30:47","date_gmt":"2021-06-16T11:30:47","guid":{"rendered":"https:\/\/techbcndev.wearefirma.com\/aviso-legal\/"},"modified":"2025-11-04T15:21:34","modified_gmt":"2025-11-04T14:21:34","slug":"avis-legal","status":"publish","type":"page","link":"https:\/\/www.techbarcelona.com\/ca\/avis-legal\/","title":{"rendered":"Av\u00eds legal"},"content":{"rendered":"<p><strong>ASSOCIACI\u00d3 TECH\u00a0BARCELONA<\/strong>\u00a0amb CIF G65.995.573, \u00e9s una associaci\u00f3 privada inscrita en el Registre d\u2019Associacions de la Generalitat de Catalunya, sota el n\u00famero 50.659. Aquesta associaci\u00f3 \u00e9s titular del nom de domini\u00a0<a href=\"http:\/\/www.techbarcelona.com\/\">www.techbarcelona.com<\/a><\/p>\n<p>Adre\u00e7a:<br \/>\nPla\u00e7a\u00a0de Pau Vila, 1, Bloc A, Planta 3, Porta 3A3<br \/>\n08003 \u2013 Barcelona<br \/>\nTel. +34 938342661<br \/>\nEmail: <a href=\"mailto:hello@techbarcelona.com\">hello@techbarcelona.com<\/a><\/p>\n<p><strong><br \/>\n1.- CONDICIONS GENERALS D\u2019\u00daS<\/strong><\/p>\n<ul>\n<li>L\u2019usuari accedeix volunt\u00e0riament a aquest lloc web, la qual cosa implica que l\u2019utilitzar\u00e0 conforme al present av\u00eds legal, la llei, la moral, la bona fe i\/o els bons costums.<\/li>\n<li>La utilitzaci\u00f3 d\u2019aquest lloc web suposa l\u2019acceptaci\u00f3 d\u2019aquest av\u00eds legal.<\/li>\n<li>Les p\u00e0gines web d\u2019aquest lloc web poden ser visitades lliurement pels usuaris.<\/li>\n<li><strong>TECH\u00a0BARCELONA<\/strong>\u00a0es reserva el dret a modificar sense previ av\u00eds el contingut d\u2019aquest av\u00eds legal, per tant, i per a una correcta utilitzaci\u00f3 del lloc web, li recomanem que visiti peri\u00f2dicament aquesta secci\u00f3.<\/li>\n<\/ul>\n<p><strong><br \/>\n2.- PROPIETAT INTEL\u00b7LECTUAL I INDUSTRIAL<\/strong><\/p>\n<p>\u00a9 2018,\u00a0<strong>ASSOCIACI\u00d3 TECH BARCELONA<\/strong>, <a href=\"http:\/\/www.techbarcelona.com\">www.techbarcelona.com<\/a>. Tots els drets reservats.<\/p>\n<ul>\n<li>Aquest lloc web i els continguts inclosos en aquest: articles, textos, imatges, logotips, marques, botons, programari, etc. estan protegits per la legislaci\u00f3 vigent en propietat industrial i intel\u00b7lectual i s\u00f3n propietat de<strong>\u00a0TECH\u00a0BARCELONA<\/strong>\u00a0o de tercers que han autoritzat el seu \u00fas a<strong>\u00a0TECH\u00a0BARCELONA<\/strong>, quedant expressament prohibida l\u2019explotaci\u00f3 sense l\u2019autoritzaci\u00f3 de<strong>\u00a0TECH\u00a0BARCELONA<\/strong>.<\/li>\n<li>L\u2019acc\u00e9s a aquest lloc web no suposa, en cap cas, l\u2019adquisici\u00f3 per part dels usuaris de cap dret de propietat sobre els continguts que figuren en aquest.<\/li>\n<li><strong>TECH\u00a0BARCELONA<\/strong>\u00a0es reserva el dret a modificar, actualitzar o suprimir qualsevol dels continguts d\u2019aquest lloc web, en qualsevol moment i sense previ av\u00eds.<\/li>\n<\/ul>\n<p><strong><br \/>\n3.- LIMITACI\u00d3 DE LA RESPONSABILITAT<\/strong><\/p>\n<ul>\n<li><strong>TECH\u00a0BARCELONA<\/strong>\u00a0es reserva el dret a interrompre l\u2019acc\u00e9s al seu lloc web, aix\u00ed com la prestaci\u00f3 de qualsevol servei a trav\u00e9s del mateix en qualsevol moment i sense previ av\u00eds, sigui per motius t\u00e8cnics, de seguretat, de manteniment o per qualsevol altra causa.<\/li>\n<li><strong>TECH\u00a0BARCELONA<\/strong>\u00a0no ser\u00e0 responsable en cas que s\u2019hagi d\u2019interrompre el servei, retard o mal funcionament i altres inconvenients que tinguin el seu origen en causes que s\u2019escapin del control de<strong>\u00a0TECH\u00a0BARCELONA<\/strong>\u00a0i\/o siguin degudes a una actuaci\u00f3 dolosa o culpable de l\u2019usuari i\/o tinguin el seu origen per causes de for\u00e7a major.<\/li>\n<li>La informaci\u00f3 continguda en aquest lloc web pot no ser correcta, malgrat els esfor\u00e7os realitzats per a dur a terme la seva exactitud i actualitzaci\u00f3. En conseq\u00fc\u00e8ncia,<strong>\u00a0TECH\u00a0BARCELONA<\/strong>\u00a0no es responsabilitza dels errors continguts, ni dels danys o perjudicis derivats de la seva utilitzaci\u00f3.<\/li>\n<li>Aquest lloc web pot contenir enlla\u00e7os a altres llocs webs del contingut dels quals, utilitat o exactitud no es pot responsabilitzar<strong>\u00a0TECH\u00a0BARCELONA<\/strong>\u00a0d\u2019incorporaci\u00f3 d\u2019un enlla\u00e7 en aquest lloc web no pot considerar-se una recomanaci\u00f3 als usuaris perqu\u00e8 procedeixin a la seva utilitzaci\u00f3, la decisi\u00f3 d\u2019utilitzar-los \u00e9s responsabilitat d\u2019aquests \u00faltims.<\/li>\n<li><strong>TECH\u00a0BARCELONA<\/strong>\u00a0no es fa responsable dels danys i perjudicis derivats de l\u2019\u00fas d\u2019aquest lloc web o dels seus continguts, no garantint l\u2019abs\u00e8ncia de virus o la impossibilitat de causar danys en els sistemes inform\u00e0tics de l\u2019usuari.<\/li>\n<li><strong>TECH\u00a0BARCELONA<\/strong>\u00a0no es responsabilitza del mal \u00fas que es pugui fer d\u2019aquest lloc web.<\/li>\n<\/ul>\n<p><strong><br \/>\n4.- LEGISLACI\u00d3 APLICABLE I TRIBUNALS COMPETENTS<\/strong><\/p>\n<ul>\n<li>Les condicions d\u2019aquest lloc web i les relacions entre l\u2019usuari i<strong>\u00a0TECH\u00a0BARCELONA<\/strong>\u00a0es regiran per la legislaci\u00f3 i jurisdicci\u00f3 espanyola.<\/li>\n<li>Per a con\u00e8ixer qualsevol discrep\u00e0ncia que pugui sorgir entre l\u2019usuari i<strong>\u00a0TECH\u00a0BARCELONA<\/strong>\u00a0totes dues parts se sotmeten als Jutjats i Tribunals de Barcelona (Espanya).<\/li>\n<\/ul>\n","protected":false},"excerpt":{"rendered":"<p>ASSOCIACI\u00d3 TECH\u00a0BARCELONA\u00a0amb CIF G65.995.573, \u00e9s una associaci\u00f3 privada inscrita en el Registre d\u2019Associacions de la Generalitat de Catalunya, sota el n\u00famero 50.659. Aquesta associaci\u00f3 \u00e9s titular del nom de domini\u00a0www.techbarcelona.com Adre\u00e7a: Pla\u00e7a\u00a0de Pau Vila, 1, Bloc A, Planta 3, Porta 3A3 08003 \u2013 Barcelona Tel. +34 938342661 Email: hello@techbarcelona.com 1.- [&hellip;]<\/p>\n","protected":false},"author":1,"featured_media":0,"parent":0,"menu_order":0,"comment_status":"closed","ping_status":"closed","template":"page-legal.php","meta":{"_acf_changed":false,"_mo_disable_npp":"","footnotes":""},"class_list":["post-155","page","type-page","status-publish","hentry"],"acf":[],"yoast_head":"<!-- This site is optimized with the Yoast SEO plugin v27.4 - https:\/\/yoast.com\/product\/yoast-seo-wordpress\/ -->\n<title>Av\u00eds legal - Tech Barcelona<\/title>\n<meta name=\"robots\" content=\"index, follow, max-snippet:-1, max-image-preview:large, max-video-preview:-1\" \/>\n<link rel=\"canonical\" href=\"https:\/\/www.techbarcelona.com\/ca\/avis-legal\/\" \/>\n<meta property=\"og:locale\" content=\"ca_ES\" \/>\n<meta property=\"og:type\" content=\"article\" \/>\n<meta property=\"og:title\" content=\"Av\u00eds legal - Tech Barcelona\" \/>\n<meta property=\"og:description\" content=\"ASSOCIACI\u00d3 TECH\u00a0BARCELONA\u00a0amb CIF G65.995.573, \u00e9s una associaci\u00f3 privada inscrita en el Registre d\u2019Associacions de la Generalitat de Catalunya, sota el n\u00famero 50.659. Aquesta associaci\u00f3 \u00e9s titular del nom de domini\u00a0www.techbarcelona.com Adre\u00e7a: Pla\u00e7a\u00a0de Pau Vila, 1, Bloc A, Planta 3, Porta 3A3 08003 \u2013 Barcelona Tel. +34 938342661 Email: hello@techbarcelona.com 1.- [&hellip;]\" \/>\n<meta property=\"og:url\" content=\"https:\/\/www.techbarcelona.com\/ca\/avis-legal\/\" \/>\n<meta property=\"og:site_name\" content=\"Tech Barcelona\" \/>\n<meta property=\"article:publisher\" content=\"https:\/\/www.facebook.com\/BarcelonaTechCity\" \/>\n<meta property=\"article:modified_time\" content=\"2025-11-04T14:21:34+00:00\" \/>\n<meta name=\"twitter:card\" content=\"summary_large_image\" \/>\n<meta name=\"twitter:site\" content=\"@bcntechcity\" \/>\n<meta name=\"twitter:label1\" content=\"Temps estimat de lectura\" \/>\n\t<meta name=\"twitter:data1\" content=\"3 minuts\" \/>\n<script type=\"application\/ld+json\" class=\"yoast-schema-graph\">{\"@context\":\"https:\\\/\\\/schema.org\",\"@graph\":[{\"@type\":\"WebPage\",\"@id\":\"https:\\\/\\\/www.techbarcelona.com\\\/ca\\\/avis-legal\\\/\",\"url\":\"https:\\\/\\\/www.techbarcelona.com\\\/ca\\\/avis-legal\\\/\",\"name\":\"Av\u00eds legal - Tech Barcelona\",\"isPartOf\":{\"@id\":\"https:\\\/\\\/www.techbarcelona.com\\\/ca\\\/#website\"},\"datePublished\":\"2021-06-16T11:30:47+00:00\",\"dateModified\":\"2025-11-04T14:21:34+00:00\",\"breadcrumb\":{\"@id\":\"https:\\\/\\\/www.techbarcelona.com\\\/ca\\\/avis-legal\\\/#breadcrumb\"},\"inLanguage\":\"ca\",\"potentialAction\":[{\"@type\":\"ReadAction\",\"target\":[\"https:\\\/\\\/www.techbarcelona.com\\\/ca\\\/avis-legal\\\/\"]}]},{\"@type\":\"BreadcrumbList\",\"@id\":\"https:\\\/\\\/www.techbarcelona.com\\\/ca\\\/avis-legal\\\/#breadcrumb\",\"itemListElement\":[{\"@type\":\"ListItem\",\"position\":1,\"name\":\"Portada\",\"item\":\"https:\\\/\\\/www.techbarcelona.com\\\/ca\\\/\"},{\"@type\":\"ListItem\",\"position\":2,\"name\":\"Av\u00eds legal\"}]},{\"@type\":\"WebSite\",\"@id\":\"https:\\\/\\\/www.techbarcelona.com\\\/ca\\\/#website\",\"url\":\"https:\\\/\\\/www.techbarcelona.com\\\/ca\\\/\",\"name\":\"Tech Barcelona\",\"description\":\"\",\"publisher\":{\"@id\":\"https:\\\/\\\/www.techbarcelona.com\\\/ca\\\/#organization\"},\"potentialAction\":[{\"@type\":\"SearchAction\",\"target\":{\"@type\":\"EntryPoint\",\"urlTemplate\":\"https:\\\/\\\/www.techbarcelona.com\\\/ca\\\/?s={search_term_string}\"},\"query-input\":{\"@type\":\"PropertyValueSpecification\",\"valueRequired\":true,\"valueName\":\"search_term_string\"}}],\"inLanguage\":\"ca\"},{\"@type\":\"Organization\",\"@id\":\"https:\\\/\\\/www.techbarcelona.com\\\/ca\\\/#organization\",\"name\":\"Tech Barcelona\",\"url\":\"https:\\\/\\\/www.techbarcelona.com\\\/ca\\\/\",\"logo\":{\"@type\":\"ImageObject\",\"inLanguage\":\"ca\",\"@id\":\"https:\\\/\\\/www.techbarcelona.com\\\/ca\\\/#\\\/schema\\\/logo\\\/image\\\/\",\"url\":\"https:\\\/\\\/www.techbarcelona.com\\\/wp-content\\\/uploads\\\/logo-tech-bcn-black.png\",\"contentUrl\":\"https:\\\/\\\/www.techbarcelona.com\\\/wp-content\\\/uploads\\\/logo-tech-bcn-black.png\",\"width\":347,\"height\":90,\"caption\":\"Tech Barcelona\"},\"image\":{\"@id\":\"https:\\\/\\\/www.techbarcelona.com\\\/ca\\\/#\\\/schema\\\/logo\\\/image\\\/\"},\"sameAs\":[\"https:\\\/\\\/www.facebook.com\\\/BarcelonaTechCity\",\"https:\\\/\\\/x.com\\\/bcntechcity\",\"https:\\\/\\\/www.instagram.com\\\/bcntechcity\\\/\",\"https:\\\/\\\/www.linkedin.com\\\/company\\\/barcelona-tech-city\\\/\",\"https:\\\/\\\/www.youtube.com\\\/channel\\\/UCKX-ZX0pM37GRtVNKgr4Rxg\"]}]}<\/script>\n<!-- \/ Yoast SEO plugin. -->","yoast_head_json":{"title":"Av\u00eds legal - Tech Barcelona","robots":{"index":"index","follow":"follow","max-snippet":"max-snippet:-1","max-image-preview":"max-image-preview:large","max-video-preview":"max-video-preview:-1"},"canonical":"https:\/\/www.techbarcelona.com\/ca\/avis-legal\/","og_locale":"ca_ES","og_type":"article","og_title":"Av\u00eds legal - Tech Barcelona","og_description":"ASSOCIACI\u00d3 TECH\u00a0BARCELONA\u00a0amb CIF G65.995.573, \u00e9s una associaci\u00f3 privada inscrita en el Registre d\u2019Associacions de la Generalitat de Catalunya, sota el n\u00famero 50.659. Aquesta associaci\u00f3 \u00e9s titular del nom de domini\u00a0www.techbarcelona.com Adre\u00e7a: Pla\u00e7a\u00a0de Pau Vila, 1, Bloc A, Planta 3, Porta 3A3 08003 \u2013 Barcelona Tel. +34 938342661 Email: hello@techbarcelona.com 1.- [&hellip;]","og_url":"https:\/\/www.techbarcelona.com\/ca\/avis-legal\/","og_site_name":"Tech Barcelona","article_publisher":"https:\/\/www.facebook.com\/BarcelonaTechCity","article_modified_time":"2025-11-04T14:21:34+00:00","twitter_card":"summary_large_image","twitter_site":"@bcntechcity","twitter_misc":{"Temps estimat de lectura":"3 minuts"},"schema":{"@context":"https:\/\/schema.org","@graph":[{"@type":"WebPage","@id":"https:\/\/www.techbarcelona.com\/ca\/avis-legal\/","url":"https:\/\/www.techbarcelona.com\/ca\/avis-legal\/","name":"Av\u00eds legal - Tech Barcelona","isPartOf":{"@id":"https:\/\/www.techbarcelona.com\/ca\/#website"},"datePublished":"2021-06-16T11:30:47+00:00","dateModified":"2025-11-04T14:21:34+00:00","breadcrumb":{"@id":"https:\/\/www.techbarcelona.com\/ca\/avis-legal\/#breadcrumb"},"inLanguage":"ca","potentialAction":[{"@type":"ReadAction","target":["https:\/\/www.techbarcelona.com\/ca\/avis-legal\/"]}]},{"@type":"BreadcrumbList","@id":"https:\/\/www.techbarcelona.com\/ca\/avis-legal\/#breadcrumb","itemListElement":[{"@type":"ListItem","position":1,"name":"Portada","item":"https:\/\/www.techbarcelona.com\/ca\/"},{"@type":"ListItem","position":2,"name":"Av\u00eds legal"}]},{"@type":"WebSite","@id":"https:\/\/www.techbarcelona.com\/ca\/#website","url":"https:\/\/www.techbarcelona.com\/ca\/","name":"Tech Barcelona","description":"","publisher":{"@id":"https:\/\/www.techbarcelona.com\/ca\/#organization"},"potentialAction":[{"@type":"SearchAction","target":{"@type":"EntryPoint","urlTemplate":"https:\/\/www.techbarcelona.com\/ca\/?s={search_term_string}"},"query-input":{"@type":"PropertyValueSpecification","valueRequired":true,"valueName":"search_term_string"}}],"inLanguage":"ca"},{"@type":"Organization","@id":"https:\/\/www.techbarcelona.com\/ca\/#organization","name":"Tech Barcelona","url":"https:\/\/www.techbarcelona.com\/ca\/","logo":{"@type":"ImageObject","inLanguage":"ca","@id":"https:\/\/www.techbarcelona.com\/ca\/#\/schema\/logo\/image\/","url":"https:\/\/www.techbarcelona.com\/wp-content\/uploads\/logo-tech-bcn-black.png","contentUrl":"https:\/\/www.techbarcelona.com\/wp-content\/uploads\/logo-tech-bcn-black.png","width":347,"height":90,"caption":"Tech Barcelona"},"image":{"@id":"https:\/\/www.techbarcelona.com\/ca\/#\/schema\/logo\/image\/"},"sameAs":["https:\/\/www.facebook.com\/BarcelonaTechCity","https:\/\/x.com\/bcntechcity","https:\/\/www.instagram.com\/bcntechcity\/","https:\/\/www.linkedin.com\/company\/barcelona-tech-city\/","https:\/\/www.youtube.com\/channel\/UCKX-ZX0pM37GRtVNKgr4Rxg"]}]}},"_links":{"self":[{"href":"https:\/\/www.techbarcelona.com\/ca\/wp-json\/wp\/v2\/pages\/155","targetHints":{"allow":["GET"]}}],"collection":[{"href":"https:\/\/www.techbarcelona.com\/ca\/wp-json\/wp\/v2\/pages"}],"about":[{"href":"https:\/\/www.techbarcelona.com\/ca\/wp-json\/wp\/v2\/types\/page"}],"author":[{"embeddable":true,"href":"https:\/\/www.techbarcelona.com\/ca\/wp-json\/wp\/v2\/users\/1"}],"replies":[{"embeddable":true,"href":"https:\/\/www.techbarcelona.com\/ca\/wp-json\/wp\/v2\/comments?post=155"}],"version-history":[{"count":5,"href":"https:\/\/www.techbarcelona.com\/ca\/wp-json\/wp\/v2\/pages\/155\/revisions"}],"predecessor-version":[{"id":85439,"href":"https:\/\/www.techbarcelona.com\/ca\/wp-json\/wp\/v2\/pages\/155\/revisions\/85439"}],"wp:attachment":[{"href":"https:\/\/www.techbarcelona.com\/ca\/wp-json\/wp\/v2\/media?parent=155"}],"curies":[{"name":"wp","href":"https:\/\/api.w.org\/{rel}","templated":true}]}}