{"id":157,"date":"2021-06-16T13:30:31","date_gmt":"2021-06-16T11:30:31","guid":{"rendered":"https:\/\/techbcndev.wearefirma.com\/politica-de-cookies\/"},"modified":"2021-07-05T18:04:59","modified_gmt":"2021-07-05T16:04:59","slug":"politica-de-cookies","status":"publish","type":"page","link":"https:\/\/www.techbarcelona.com\/ca\/politica-de-cookies\/","title":{"rendered":"Pol\u00edtica de Cookies"},"content":{"rendered":"<p><strong>1. \u00a0 Qu\u00e8 s\u00f3n les cookies?<\/strong><\/p>\n<p>Una cookie \u00e9s un petit fitxer que s\u2019emmagatzema a l\u2019ordinador, m\u00f2bil o tauleta de l\u2019usuari en accedir a determinades p\u00e0gines web, aplicaci\u00f3 o plataforma i que els permet recon\u00e8ixer als seus usuaris.<\/p>\n<p>Actualment, les cookies s\u00f3n essencials per al funcionament d\u2019Internet, aportant innombrables avantatges en la prestaci\u00f3 de serveis interactius, facilitant la navegaci\u00f3 i la usabilitat.<\/p>\n<p>Les cookies ajuden a adaptar els llocs web, aplicacions o plataformes a les seves necessitats personals.<\/p>\n<p>Les cookies no poden danyar el seu ordinador. No obstant aix\u00f2, estar habilitat pot ajudar a identificar i resoldre errors, aix\u00ed com millorar la navegabilitat de l\u2019usuari.<\/p>\n<p>Les cookies permeten, entre altres coses, emmagatzemar i recuperar informaci\u00f3 sobre les prefer\u00e8ncies de navegaci\u00f3 d\u2019un usuari o del seu ordinador.<\/p>\n<p>Aquest lloc web, aplicaci\u00f3 o plataforma utilitza cookies i\/o tecnologies similars que emmagatzemen i recuperen informaci\u00f3 quan navegueu. En general, aquestes tecnologies poden servir a una varietat de prop\u00f2sits, com ara recon\u00e8ixer-lo com a usuari, obtenir informaci\u00f3 sobre els seus h\u00e0bits de navegaci\u00f3, o personalitzar la forma en qu\u00e8 es mostra el contingut.<\/p>\n<p>Els nostres usos espec\u00edfics d\u2019aquestes tecnologies es descriuen a continuaci\u00f3.<\/p>\n<p><strong>2. \u00a0 Quines cookies utilitzem?<\/strong><\/p>\n<p>A\u00a0<a href=\"http:\/\/www.techbarcelona.com\/\"><strong>www.techbarcelona.com<\/strong><\/a>\u00a0utilitzem cookies, registres, enlla\u00e7os i altres tecnologies per emmagatzemar les prefer\u00e8ncies dels usuaris amb la finalitat de millorar la qualitat dels nostres serveis, garantir el funcionament t\u00e8cnic tant del portal com de les transaccions\u00a0 realitzades, mesurar el p\u00fablic del lloc web i desenvolupar noves i millors funcionalitats, productes i serveis oferts.<\/p>\n<p><strong>Titular de les cookies<\/strong>:<\/p>\n<ul>\n<li>Utilitzem\u00a0<strong>cookies pr\u00f2pies que enviem<\/strong>\u00a0als equips terminals de l\u2019usuari des d\u2019un equip o domini gestionat per nosaltres i des del qual es presta el servei sol\u00b7licitat per l\u2019usuari.<\/li>\n<li>Utilitzem<strong>\u00a0cookies de tercers<\/strong>\u00a0(per exemple Google) que utilitzen empreses de tercers, xarxes socials o complements de contingut extern (com ara Google Maps). S\u2019envien a l\u2019equip terminal de l\u2019usuari des d\u2019un equip o domini d\u2019una entitat de tercers que tracta les dades obtingudes a trav\u00e9s de cookies.<\/li>\n<\/ul>\n<p><strong>\u00das de cookies:<\/strong><\/p>\n<ul>\n<li>Utilitzem\u00a0<strong>cookies t\u00e8cniques\u00a0<\/strong>estrictament necess\u00e0ries perqu\u00e8 l\u2019usuari accedeixi i navegui per <strong><a href=\"http:\/\/www.techbarcelona.com\/\">www.techbarcelona.com<\/a><\/strong>.<br \/>\nS\u00f3n aquelles que permeten a l\u2019usuari navegar a trav\u00e9s d\u2019un lloc web, plataforma o aplicaci\u00f3 i utilitzar les diferents opcions o serveis que hi ha en ella, incloses les que s\u2019utilitzen per permetre la gesti\u00f3 i funcionament del lloc web i possibilitar les seves funcions i serveis, com, per exemple, controlar el tr\u00e0nsit i la comunicaci\u00f3 de dades identificar la sessi\u00f3 , accedir a peces d\u2019acc\u00e9s restringit, controlar el frau vinculat a la seguretat del servei, realitzar la sol\u00b7licitud d\u2019inscripci\u00f3 o participaci\u00f3 en un esdeveniment, comptar visites a l\u2019efecte de llicenciar el programari amb el qual treballa el servei (web) , plataforma o aplicaci\u00f3), utilitzar elements de seguretat durant la navegaci\u00f3, emmagatzemar continguts per a la difusi\u00f3 de v\u00eddeos o so, habilitar continguts din\u00e0mics (per exemple, animaci\u00f3 de carregar un text o imatge) o compartir continguts a trav\u00e9s de les xarxes socials.<br \/>\nAquestes cookies no requereixen el consentiment informat de l\u2019usuari. Tamb\u00e9 pertanyen a aquesta categoria aquelles que, tractades per nosaltres o per tercers, ens permeten recordar informaci\u00f3 perqu\u00e8 l\u2019usuari accedeixi al servei amb determinades caracter\u00edstiques que puguin diferenciar la seva experi\u00e8ncia de la d\u2019altres usuaris.<br \/>\nPer exemple, l\u2019idioma, el nombre de resultats a mostrar quan l\u2019usuari realitza una cerca, el tipus de navegador a trav\u00e9s del qual l\u2019usuari accedeixi al servei o a la regi\u00f3 des d\u2019on accedeixi al servei, etc.<br \/>\nAquestes cookies poden requerir el consentiment informat de l\u2019usuari, llevat que sigui el mateix usuari qui esculli aquestes caracter\u00edstiques (per exemple, si selecciona l\u2019idioma d\u2019un lloc web fent clic a la icona de bandera del pa\u00eds corresponent).<\/li>\n<li>Utilitzem\u00a0<strong>cookies anal\u00edtiques o de mesurament<\/strong>\u00a0que s\u00f3n aquelles que, tractades per nosaltres o per tercers, ens permeten fer un seguiment i an\u00e0lisi del comportament dels usuaris dels llocs web als quals estan enlla\u00e7ats, incloent la quantificaci\u00f3 dels impactes dels anuncis.<br \/>\nLa informaci\u00f3 recollida a trav\u00e9s d\u2019aquest tipus de cookies s\u2019utilitza en el mesurament de l\u2019activitat dels llocs web, aplicaci\u00f3 o plataforma, amb la finalitat d\u2019introduir millores en els productes o serveis oferts en funci\u00f3 de l\u2019an\u00e0lisi de les dades d\u2019\u00fas realitzades pels usuaris del servei.<br \/>\nAquestes cookies requereixen el consentiment informat de l\u2019usuari.<\/li>\n<\/ul>\n<p><strong>Temps de retenci\u00f3 de cookies:<\/strong><\/p>\n<ul>\n<li>Utilitzem\u00a0<strong>cookies<\/strong>\u00a0<strong>de sessi\u00f3<\/strong>\u00a0dissenyades per recopilar i emmagatzemar dades mentre l\u2019usuari accedeix a un lloc web. Se solen utilitzar per emmagatzemar informaci\u00f3 que nom\u00e9s interessa conservar per a la prestaci\u00f3 del servei sol\u00b7licitat per l\u2019usuari en una sola ocasi\u00f3 (per exemple, una llista de productes adquirits) i desapar\u00e8ixer al final de la sessi\u00f3.<\/li>\n<li>Utilitzem\u00a0<strong>cookies persistents\u00a0<\/strong>que s\u00f3n aquelles en qu\u00e8 les dades segueixen emmagatzemades en el terminal i poden ser accedides i tractades durant un per\u00edode definit pel responsable de la cookie, i que poden anar des d\u2019uns minuts fins a diversos anys.<\/li>\n<\/ul>\n<p>Aquest tipus d\u2019informaci\u00f3 obtinguda a trav\u00e9s de cookies no ser\u00e0 comunicada a tercers, ni utilitzada per a comunicacions no sol\u00b7licitades.<\/p>\n<p><strong>3. \u00a0 Com poden gestionar els nostres usuaris les cookies que utilitzem?<\/strong><\/p>\n<p>Els usuaris de\u00a0<strong><a href=\"http:\/\/www.techbarcelona.com\">www.techbarcelona.com<\/a>\u00a0<\/strong>poden gestionar les cookies i, per tant, rebutjar-les de manera unit\u00e0ria o totalment, des de l\u2019opci\u00f3 de\u00a0<strong>\u201c<em>Cambiar preferencias\u201d.<\/em><\/strong><\/p>\n<p>Si les cookies s\u00f3n desactivades o rebutjades, \u00e9s possible que algunes de les funcionalitats i\/o serveis no funcionin correctament.<\/p>\n<p>El portal no exerceix el control sobre els llocs web mostrats com a conseq\u00fc\u00e8ncia de la seva cerca, enlla\u00e7os o accessos des del nostre directori. Aquests altres llocs web poden col\u00b7locar les seves pr\u00f2pies cookies o demanar-li informaci\u00f3 personal.<\/p>\n<p><strong>4. \u00a0 Com poden desactivar els nostres usuaris les cookies en els principals navegadors?<\/strong><\/p>\n<p>Normalment \u00e9s possible deixar d\u2019acceptar cookies del navegador, o deixar d\u2019acceptar cookies d\u2019un determinat servei.<\/p>\n<p>Tots els navegadors moderns us\u00a0<strong>permeten canviar la configuraci\u00f3 de cookies.<\/strong><\/p>\n<p>Aquests ajustaments normalment es troben al men\u00fa \u201cOpcions\u201d o \u201cPrefer\u00e8ncies\u201d del vostre navegador.<\/p>\n<p>Tot i que pot variar lleugerament d\u2019una versi\u00f3 del navegador a una altra, la configuraci\u00f3 de la pol\u00edtica de cookies per als navegadors m\u00e9s utilitzats \u00e9s la seg\u00fcent:<\/p>\n<ul>\n<li><strong>Explorador d\u2019Internet:<\/strong>\u00a0Eines -&gt; Opcions d\u2019Internet -&gt; Privacitat -&gt; Escenes.<\/li>\n<li><strong>Firefox:<\/strong>\u00a0Prefer\u00e8ncies -&gt; Privacitat i Seguretat<\/li>\n<li><strong>Chrome:<\/strong>\u00a0Prefer\u00e8ncies -&gt; Configuraci\u00f3 -&gt; Mostra opcions avan\u00e7ades -&gt; Privadesa i seguretat<\/li>\n<li><strong>Safari:<\/strong>\u00a0Prefer\u00e8ncies -&gt; Privacitat.<\/li>\n<li><strong>Opera:<\/strong>\u00a0Configuraci\u00f3 -&gt; Privacitat i seguretat.<\/li>\n<\/ul>\n<p>Per a m\u00e9s informaci\u00f3, pot consultar el suport o ajuda del seu navegador o a trav\u00e9s dels seg\u00fcents enlla\u00e7os:\u00a0<a href=\"https:\/\/support.apple.com\/kb\/ph17191?locale=es_ES\">Safari<\/a>,\u00a0<a href=\"https:\/\/support.google.com\/chrome\/answer\/95647?hl=es\">Chrome<\/a>,\u00a0<a href=\"https:\/\/support.mozilla.org\/es\/kb\/habilitar-y-deshabilitar-cookies-sitios-web-rastrear-preferencias?redirectlocale=es&amp;redirectslug=habilitar-y-deshabilitar-cookies-que-los-sitios-we\">Firefox<\/a>,\u00a0<a href=\"https:\/\/support.microsoft.com\/es-es\/help\/17442\/windows-internet-explorer-delete-manage-cookies\">Explorer<\/a>,\u00a0<a href=\"https:\/\/www.opera.com\/help\/tutorials\/security\/privacy\/\">Opera<\/a>.<\/p>\n<p>Molts navegadors li permeten activar un mode privat pel qual les cookies sempre s\u2019esborren despr\u00e9s de la seva visita. Depenent de cada navegador d\u2019aquest mode privat, pot tenir diferents noms. A continuaci\u00f3 trobareu una llista dels navegadors m\u00e9s comuns i els diferents noms d\u2019aquest \u201cmode privat\u201d:<\/p>\n<ul>\n<li>Internet Explorer 8 i superiors \u2013 Navegaci\u00f3 privada<\/li>\n<li>Safari 2 i superiors \u2013 Navegaci\u00f3 Privada<\/li>\n<li>Opera 10.5 i superior \u2013 Navegaci\u00f3 privada<\/li>\n<li>FireFox 3.5 i superior \u2013 Navegaci\u00f3 privada<\/li>\n<li>Google Chrome 10 i superiors \u2013 Inc\u00f2gnit<\/li>\n<\/ul>\n<p><strong>5. \u00a0 Com puc desactivar les cookies de tercers?<\/strong><\/p>\n<p><strong>Tingueu en compte que si accepteu cookies de tercers, heu d\u2019eliminar-les de les opcions del navegador o del sistema ofert pel propi tercer.<\/strong><\/p>\n<p>Si desitja con\u00e8ixer les condicions de privacitat i \u00fas de cookies de tercers, pot accedir a les pol\u00edtiques de cookies de:<\/p>\n<ul>\n<li>Youtube:\u00a0<a href=\"https:\/\/www.google.es\/intl\/es\/policies\/technologies\/cookies\/\">https:\/\/www.google.es\/intl\/es\/policies\/technologies\/cookies\/<\/a><\/li>\n<li>Linkedin:\u00a0<a href=\"https:\/\/www.linkedin.com\/psettings\/guest-controls\/retargeting-opt-out?trk=microsites-frontend_legal_cookie-policy\">https:\/\/www.linkedin.com\/psettings\/guest-controls\/retargeting-opt-out?trk=microsites-frontend_legal_cookie-policy<\/a><\/li>\n<li>Google:\u00a0<a href=\"https:\/\/www.google.es\/intl\/es\/policies\/technologies\/cookies\/\">https:\/\/www.google.es\/intl\/es\/policies\/technologies\/cookies\/<\/a><\/li>\n<\/ul>\n<p><strong>6. \u00a0 Qu\u00e8 passa si no accepto cookies del lloc web?<\/strong><\/p>\n<p>En el cas que l\u2019usuari no permeti la instal\u00b7laci\u00f3 de cookies en el seu navegador, podr\u00e0 no poder accedir a cap de les seccions del nostre lloc web.<\/p>\n<p><strong>7. \u00a0 Les meves dades es transfereixen internacionalment?<\/strong><\/p>\n<p>D\u2019acord amb els articles 44 i seg\u00fcents al Reglament Europeu de Protecci\u00f3 de Dades (RGPD), transfer\u00e8ncies basades en una decisi\u00f3 d\u2019adequaci\u00f3 de la Comissi\u00f3 Europea o quan existeixin les garanties adequades a trav\u00e9s d\u2019un instrument legalment vinculant i exigible entre els organismes i els organismes p\u00fablics, o mitjan\u00e7ant normes corporatives vinculants, o cl\u00e0usules model adoptades o aprovades per la Comissi\u00f3 , o mitjan\u00e7ant codis de conducta o mecanismes de certificaci\u00f3. En cas contrari, es requerir\u00e0 l\u2019autoritzaci\u00f3 de l\u2019Autoritat de Supervisi\u00f3 competent o, si no, el consentiment expl\u00edcit de l\u2019interessat o altres casos establerts en l\u2019article 49 GDPR.<\/p>\n<p>L\u2019informem que ASSOCIACI\u00d3 TECH BARCELONA s\u00ed que realitza transfer\u00e8ncies internacionals de les seves dades a conseq\u00fc\u00e8ncia de la contractaci\u00f3 del servei d\u2019allotjament i manteniment del servidor on s\u2019allotja el programa de gesti\u00f3 de negocis (ZOHO) per part de TB, les seves dades podran ser transferits al prove\u00efdor de serveis situat fora de l\u2019Espai Econ\u00f2mic ZOHO CORPORATION (\u201cZoho US\u201d) situada en 4141 Hacienda Drive, Pleasanton, Calif\u00f2rnia 94588, els EUA i poden ser accedits sobre una base de necessitat de funcions de suport proporcionades per ZOHO CORPORATION PVT. LTD (\u201cZoho India\u201d) situada en Estada IT Park, Paracel\u00b7la N\u00fam. 140 i 151, GST Road, Vallancherry Village, Chengalpattu Taluk, Kanchipuram District 603 202, l\u2019\u00cdndia. En aquest sentit, l\u2019informem que TB ha signat amb \u201cZoho Group\u201d(Zoho US i Zoho India) les cl\u00e0usules contractuals tipus adoptades per la Comissi\u00f3, oferint per tant garanties adequades respecte a les transfer\u00e8ncies internacionals de dades conseq\u00fc\u00e8ncia de la contractaci\u00f3 d\u2019aquest prove\u00efdor.<\/p>\n<p>Pel que fa a les cookies de tercers, pot con\u00e8ixer les transfer\u00e8ncies a tercers que, si escau, s\u00f3n realitzades per tercers identificats en aquesta pol\u00edtica de cookies en les seves respectives pol\u00edtiques (vegeu els enlla\u00e7os indicats anteriorment).<\/p>\n<p><strong>8. \u00a0 Es desenvolupa el meu perfil de navegaci\u00f3 i es prenen decisions automatitzades que em poden afectar legalment o significativament?<\/strong><\/p>\n<p>L\u2019informem que ASSOCIACI\u00d3 TECH BARCELONA no perfila la seva navegaci\u00f3 que condueixi a decisions automatitzades que puguin afectar-lo legalment o significativament.<\/p>\n<p><strong>9. \u00a0 Es duu a terme el meu tractament de dades sensible?<\/strong><\/p>\n<p>L\u2019informem que ASSOCIACI\u00d3 TECH BARCELONA no processa dades sensibles.<\/p>\n<p><strong>10. \u00a0 M\u00e9s informaci\u00f3<\/strong><\/p>\n<p><strong>Per a m\u00e9s informaci\u00f3 sobre les cookies i els seus drets com a usuari pot consultar la\u00a0<a href=\"https:\/\/www.aepd.es\/sites\/default\/files\/2020-07\/guia-cookies.pdf\"><u>Guia sobre l\u2019\u00fas de cookies elaborades per l\u2019Ag\u00e8ncia Espanyola de Protecci\u00f3 de Dades\u00a0<\/u><\/a><\/strong><strong><u>(AEPD).<\/u><\/strong><\/p>\n<p>Per a m\u00e9s informaci\u00f3 sobre el tractament de les seves dades personals pot accedir a la\u00a0<a href=\"https:\/\/www.techbarcelona.com\/ca\/politica-de-privacidad\/\"><strong>Pol\u00edtica de Privacitat<\/strong><\/a>\u00a0de ASSOCIACI\u00d3 TECH BARCELONA.<\/p>\n","protected":false},"excerpt":{"rendered":"<p>1. \u00a0 Qu\u00e8 s\u00f3n les cookies? Una cookie \u00e9s un petit fitxer que s\u2019emmagatzema a l\u2019ordinador, m\u00f2bil o tauleta de l\u2019usuari en accedir a determinades p\u00e0gines web, aplicaci\u00f3 o plataforma i que els permet recon\u00e8ixer als seus usuaris. Actualment, les cookies s\u00f3n essencials per al funcionament d\u2019Internet, aportant innombrables avantatges [&hellip;]<\/p>\n","protected":false},"author":1,"featured_media":0,"parent":0,"menu_order":0,"comment_status":"closed","ping_status":"closed","template":"page-legal.php","meta":{"_acf_changed":false,"_mo_disable_npp":"","footnotes":""},"class_list":["post-157","page","type-page","status-publish","hentry"],"acf":[],"yoast_head":"<!-- This site is optimized with the Yoast SEO plugin v27.5 - https:\/\/yoast.com\/product\/yoast-seo-wordpress\/ -->\n<title>Pol\u00edtica de Cookies - Tech Barcelona<\/title>\n<meta name=\"robots\" content=\"index, follow, max-snippet:-1, max-image-preview:large, max-video-preview:-1\" \/>\n<link rel=\"canonical\" href=\"https:\/\/www.techbarcelona.com\/ca\/politica-de-cookies\/\" \/>\n<meta property=\"og:locale\" content=\"ca_ES\" \/>\n<meta property=\"og:type\" content=\"article\" \/>\n<meta property=\"og:title\" content=\"Pol\u00edtica de Cookies - Tech Barcelona\" \/>\n<meta property=\"og:description\" content=\"1. \u00a0 Qu\u00e8 s\u00f3n les cookies? Una cookie \u00e9s un petit fitxer que s\u2019emmagatzema a l\u2019ordinador, m\u00f2bil o tauleta de l\u2019usuari en accedir a determinades p\u00e0gines web, aplicaci\u00f3 o plataforma i que els permet recon\u00e8ixer als seus usuaris. Actualment, les cookies s\u00f3n essencials per al funcionament d\u2019Internet, aportant innombrables avantatges [&hellip;]\" \/>\n<meta property=\"og:url\" content=\"https:\/\/www.techbarcelona.com\/ca\/politica-de-cookies\/\" \/>\n<meta property=\"og:site_name\" content=\"Tech Barcelona\" \/>\n<meta property=\"article:publisher\" content=\"https:\/\/www.facebook.com\/BarcelonaTechCity\" \/>\n<meta property=\"article:modified_time\" content=\"2021-07-05T16:04:59+00:00\" \/>\n<meta name=\"twitter:card\" content=\"summary_large_image\" \/>\n<meta name=\"twitter:site\" content=\"@bcntechcity\" \/>\n<meta name=\"twitter:label1\" content=\"Temps estimat de lectura\" \/>\n\t<meta name=\"twitter:data1\" content=\"8 minuts\" \/>\n<script type=\"application\/ld+json\" class=\"yoast-schema-graph\">{\"@context\":\"https:\\\/\\\/schema.org\",\"@graph\":[{\"@type\":\"WebPage\",\"@id\":\"https:\\\/\\\/www.techbarcelona.com\\\/ca\\\/politica-de-cookies\\\/\",\"url\":\"https:\\\/\\\/www.techbarcelona.com\\\/ca\\\/politica-de-cookies\\\/\",\"name\":\"Pol\u00edtica de Cookies - Tech Barcelona\",\"isPartOf\":{\"@id\":\"https:\\\/\\\/www.techbarcelona.com\\\/ca\\\/#website\"},\"datePublished\":\"2021-06-16T11:30:31+00:00\",\"dateModified\":\"2021-07-05T16:04:59+00:00\",\"breadcrumb\":{\"@id\":\"https:\\\/\\\/www.techbarcelona.com\\\/ca\\\/politica-de-cookies\\\/#breadcrumb\"},\"inLanguage\":\"ca\",\"potentialAction\":[{\"@type\":\"ReadAction\",\"target\":[\"https:\\\/\\\/www.techbarcelona.com\\\/ca\\\/politica-de-cookies\\\/\"]}]},{\"@type\":\"BreadcrumbList\",\"@id\":\"https:\\\/\\\/www.techbarcelona.com\\\/ca\\\/politica-de-cookies\\\/#breadcrumb\",\"itemListElement\":[{\"@type\":\"ListItem\",\"position\":1,\"name\":\"Portada\",\"item\":\"https:\\\/\\\/www.techbarcelona.com\\\/ca\\\/\"},{\"@type\":\"ListItem\",\"position\":2,\"name\":\"Pol\u00edtica de Cookies\"}]},{\"@type\":\"WebSite\",\"@id\":\"https:\\\/\\\/www.techbarcelona.com\\\/ca\\\/#website\",\"url\":\"https:\\\/\\\/www.techbarcelona.com\\\/ca\\\/\",\"name\":\"Tech Barcelona\",\"description\":\"\",\"publisher\":{\"@id\":\"https:\\\/\\\/www.techbarcelona.com\\\/ca\\\/#organization\"},\"potentialAction\":[{\"@type\":\"SearchAction\",\"target\":{\"@type\":\"EntryPoint\",\"urlTemplate\":\"https:\\\/\\\/www.techbarcelona.com\\\/ca\\\/?s={search_term_string}\"},\"query-input\":{\"@type\":\"PropertyValueSpecification\",\"valueRequired\":true,\"valueName\":\"search_term_string\"}}],\"inLanguage\":\"ca\"},{\"@type\":\"Organization\",\"@id\":\"https:\\\/\\\/www.techbarcelona.com\\\/ca\\\/#organization\",\"name\":\"Tech Barcelona\",\"url\":\"https:\\\/\\\/www.techbarcelona.com\\\/ca\\\/\",\"logo\":{\"@type\":\"ImageObject\",\"inLanguage\":\"ca\",\"@id\":\"https:\\\/\\\/www.techbarcelona.com\\\/ca\\\/#\\\/schema\\\/logo\\\/image\\\/\",\"url\":\"https:\\\/\\\/www.techbarcelona.com\\\/wp-content\\\/uploads\\\/logo-tech-bcn-black.png\",\"contentUrl\":\"https:\\\/\\\/www.techbarcelona.com\\\/wp-content\\\/uploads\\\/logo-tech-bcn-black.png\",\"width\":347,\"height\":90,\"caption\":\"Tech Barcelona\"},\"image\":{\"@id\":\"https:\\\/\\\/www.techbarcelona.com\\\/ca\\\/#\\\/schema\\\/logo\\\/image\\\/\"},\"sameAs\":[\"https:\\\/\\\/www.facebook.com\\\/BarcelonaTechCity\",\"https:\\\/\\\/x.com\\\/bcntechcity\",\"https:\\\/\\\/www.instagram.com\\\/bcntechcity\\\/\",\"https:\\\/\\\/www.linkedin.com\\\/company\\\/barcelona-tech-city\\\/\",\"https:\\\/\\\/www.youtube.com\\\/channel\\\/UCKX-ZX0pM37GRtVNKgr4Rxg\"]}]}<\/script>\n<!-- \/ Yoast SEO plugin. -->","yoast_head_json":{"title":"Pol\u00edtica de Cookies - Tech Barcelona","robots":{"index":"index","follow":"follow","max-snippet":"max-snippet:-1","max-image-preview":"max-image-preview:large","max-video-preview":"max-video-preview:-1"},"canonical":"https:\/\/www.techbarcelona.com\/ca\/politica-de-cookies\/","og_locale":"ca_ES","og_type":"article","og_title":"Pol\u00edtica de Cookies - Tech Barcelona","og_description":"1. \u00a0 Qu\u00e8 s\u00f3n les cookies? Una cookie \u00e9s un petit fitxer que s\u2019emmagatzema a l\u2019ordinador, m\u00f2bil o tauleta de l\u2019usuari en accedir a determinades p\u00e0gines web, aplicaci\u00f3 o plataforma i que els permet recon\u00e8ixer als seus usuaris. Actualment, les cookies s\u00f3n essencials per al funcionament d\u2019Internet, aportant innombrables avantatges [&hellip;]","og_url":"https:\/\/www.techbarcelona.com\/ca\/politica-de-cookies\/","og_site_name":"Tech Barcelona","article_publisher":"https:\/\/www.facebook.com\/BarcelonaTechCity","article_modified_time":"2021-07-05T16:04:59+00:00","twitter_card":"summary_large_image","twitter_site":"@bcntechcity","twitter_misc":{"Temps estimat de lectura":"8 minuts"},"schema":{"@context":"https:\/\/schema.org","@graph":[{"@type":"WebPage","@id":"https:\/\/www.techbarcelona.com\/ca\/politica-de-cookies\/","url":"https:\/\/www.techbarcelona.com\/ca\/politica-de-cookies\/","name":"Pol\u00edtica de Cookies - Tech Barcelona","isPartOf":{"@id":"https:\/\/www.techbarcelona.com\/ca\/#website"},"datePublished":"2021-06-16T11:30:31+00:00","dateModified":"2021-07-05T16:04:59+00:00","breadcrumb":{"@id":"https:\/\/www.techbarcelona.com\/ca\/politica-de-cookies\/#breadcrumb"},"inLanguage":"ca","potentialAction":[{"@type":"ReadAction","target":["https:\/\/www.techbarcelona.com\/ca\/politica-de-cookies\/"]}]},{"@type":"BreadcrumbList","@id":"https:\/\/www.techbarcelona.com\/ca\/politica-de-cookies\/#breadcrumb","itemListElement":[{"@type":"ListItem","position":1,"name":"Portada","item":"https:\/\/www.techbarcelona.com\/ca\/"},{"@type":"ListItem","position":2,"name":"Pol\u00edtica de Cookies"}]},{"@type":"WebSite","@id":"https:\/\/www.techbarcelona.com\/ca\/#website","url":"https:\/\/www.techbarcelona.com\/ca\/","name":"Tech Barcelona","description":"","publisher":{"@id":"https:\/\/www.techbarcelona.com\/ca\/#organization"},"potentialAction":[{"@type":"SearchAction","target":{"@type":"EntryPoint","urlTemplate":"https:\/\/www.techbarcelona.com\/ca\/?s={search_term_string}"},"query-input":{"@type":"PropertyValueSpecification","valueRequired":true,"valueName":"search_term_string"}}],"inLanguage":"ca"},{"@type":"Organization","@id":"https:\/\/www.techbarcelona.com\/ca\/#organization","name":"Tech Barcelona","url":"https:\/\/www.techbarcelona.com\/ca\/","logo":{"@type":"ImageObject","inLanguage":"ca","@id":"https:\/\/www.techbarcelona.com\/ca\/#\/schema\/logo\/image\/","url":"https:\/\/www.techbarcelona.com\/wp-content\/uploads\/logo-tech-bcn-black.png","contentUrl":"https:\/\/www.techbarcelona.com\/wp-content\/uploads\/logo-tech-bcn-black.png","width":347,"height":90,"caption":"Tech Barcelona"},"image":{"@id":"https:\/\/www.techbarcelona.com\/ca\/#\/schema\/logo\/image\/"},"sameAs":["https:\/\/www.facebook.com\/BarcelonaTechCity","https:\/\/x.com\/bcntechcity","https:\/\/www.instagram.com\/bcntechcity\/","https:\/\/www.linkedin.com\/company\/barcelona-tech-city\/","https:\/\/www.youtube.com\/channel\/UCKX-ZX0pM37GRtVNKgr4Rxg"]}]}},"_links":{"self":[{"href":"https:\/\/www.techbarcelona.com\/ca\/wp-json\/wp\/v2\/pages\/157","targetHints":{"allow":["GET"]}}],"collection":[{"href":"https:\/\/www.techbarcelona.com\/ca\/wp-json\/wp\/v2\/pages"}],"about":[{"href":"https:\/\/www.techbarcelona.com\/ca\/wp-json\/wp\/v2\/types\/page"}],"author":[{"embeddable":true,"href":"https:\/\/www.techbarcelona.com\/ca\/wp-json\/wp\/v2\/users\/1"}],"replies":[{"embeddable":true,"href":"https:\/\/www.techbarcelona.com\/ca\/wp-json\/wp\/v2\/comments?post=157"}],"version-history":[{"count":5,"href":"https:\/\/www.techbarcelona.com\/ca\/wp-json\/wp\/v2\/pages\/157\/revisions"}],"predecessor-version":[{"id":25108,"href":"https:\/\/www.techbarcelona.com\/ca\/wp-json\/wp\/v2\/pages\/157\/revisions\/25108"}],"wp:attachment":[{"href":"https:\/\/www.techbarcelona.com\/ca\/wp-json\/wp\/v2\/media?parent=157"}],"curies":[{"name":"wp","href":"https:\/\/api.w.org\/{rel}","templated":true}]}}