{"id":158,"date":"2021-06-16T13:30:31","date_gmt":"2021-06-16T11:30:31","guid":{"rendered":"https:\/\/techbcndev.wearefirma.com\/politica-de-cookies\/"},"modified":"2021-07-05T18:05:22","modified_gmt":"2021-07-05T16:05:22","slug":"cookies-policy","status":"publish","type":"page","link":"https:\/\/www.techbarcelona.com\/en\/cookies-policy\/","title":{"rendered":"Cookies Policy"},"content":{"rendered":"<p><strong>1.<\/strong><strong>\u00a0 \u00a0What are cookies?<\/strong><\/p>\n<p>A cookie is a small file that is stored on users\u2019 computer, mobile or tablet when accessing certain web pages, application or platform and that allow them to recognize their users.<\/p>\n<p>Cookies are currently essential for the functioning of the Internet, providing countless advantages in the provision of interactive services, facilitating navigation and usability.<\/p>\n<p>Cookies help tailor websites, applications or platforms to your personal needs.<\/p>\n<p>Cookies cannot damage your computer. However, being enabled can help identify and resolve errors, as well as improve user navigability.<\/p>\n<p>Cookies allow, among other things, to store and retrieve information about the browsing preferences of a user or their computer.<\/p>\n<p>This website, application or platform uses cookies and\/or similar technologies that store and retrieve information when you browse. In general, these technologies can serve a variety of purposes, such as recognizing you as a user, getting information about your browsing habits, or customizing the way content is displayed.<\/p>\n<p>Our specific uses of these technologies are described below.<\/p>\n<p><strong>2. \u00a0 What cookies do we use?<\/strong><\/p>\n<p>In\u00a0<a href=\"http:\/\/www.techbarcelona.com\/\"><strong>www.techbarcelona.com<\/strong><\/a>\u00a0we use cookies, links and other technologies to store user preferences in order to improve the quality of our services, ensure the technical functioning of both the portal and the transactions carried out, measure the audience of the website and develop new and better features, products and services offered.<\/p>\n<p><strong>Owner of cookies<\/strong>:<\/p>\n<ul>\n<li>We use\u00a0<strong>our own cookies<\/strong>\u00a0that we send to the user\u2019s terminal equipment from a computer or domain managed by us and from which the service requested by the user is provided.<\/li>\n<li>We use<strong>\u00a0third-party cookies<\/strong>\u00a0(e.g, Google) cookies used by third-party companies, social networks or external content add-ons (such as Google Maps). They are sent to the user\u2019s terminal equipment from a computer or domain of a third-party entity that processes the data obtained through cookies.<\/li>\n<\/ul>\n<p><strong>Use of cookies<em>:<\/em><\/strong><\/p>\n<ul>\n<li>We use\u00a0<strong>technical cookies\u00a0<\/strong>that are strictly necessary for the user to access and browse\u00a0<strong><a href=\"http:\/\/www.techbarcelona.com\/\">www.techbarcelona.com<\/a><\/strong>.<strong><br \/>\n<\/strong>They are those that allow the user to browse through a website, platform or application and use the different options or services that exist in it, including those that are used to allow the management and operation of the website and enable its functions and services, such as, for example, control traffic and data communication identify the session , access restricted access parts, control fraud linked to the security of the service, make the request for registration or participation in an event, count visits for the purposes of licensing the software with which the service works (website , platform or application), use security elements during navigation, store content for the dissemination of videos or sound, enable dynamic content (for example, animation of loading a text or image) or share content through social networks.<br \/>\nThese cookies do not require the informed consent of the user.They also belong to this category those that are treated by us or by third parties, allow us to remember information for the user to access the service with certain characteristics that may differentiate their experience from that of other users.<br \/>\nFor example, the language, the number of results to display when the user performs a search, the type of browser through which the user accesses the service or the region from which he accesses the service, etc.<br \/>\nThese cookies may require the informed consent of theuser, unless it is the user himself who chooses those characteristics (for example, if he selects the language of a website by clicking on the flag icon of the corresponding country).<\/li>\n<li>We use\u00a0<strong>analytics or measurement cookies<\/strong>\u00a0that are those that, treated by us or third parties, allow us to track and analyze the behavior of users of the websites to which they are linked, including quantifying the impacts of advertisements.<br \/>\nThe information collected through this type of cookies is used in the measurement of the activity of the websites, application or platform, in order to introduce improvements in the products or services offered depending on the analysis of the usage data made by the users of the service.<br \/>\nThese cookies require the informed consent of the user.<\/li>\n<\/ul>\n<p><strong>Cookie retention time:<\/strong><\/p>\n<ul>\n<li>We use\u00a0<strong>session cookies<\/strong>\u00a0that are cookies designed to collect and store data while the user accesses a website. They are usually used to store information that only interests to keep for the provision of the service requested by the user on a single occasion (for example, a list of products purchased) and disappear at the end of the session.<\/li>\n<li>We use\u00a0<strong>persistent cookies<\/strong>\u00a0that are those in which the data are still stored in the terminal and can be accessed and processed for a period defined by the person responsible for the cookie, and that can range from a few minutes to several years.<\/li>\n<\/ul>\n<p>This type of information obtained through cookies will not be communicated to third parties, nor used for unsolicited communications.<\/p>\n<p><strong>3. \u00a0 How can our users manage the cookies we use?<\/strong><\/p>\n<p>Users of\u00a0<a href=\"http:\/\/www.techbarcelona.com\/\"><strong>www.techbarcelona.com<\/strong><\/a>\u00a0\u00a0can manage cookies and therefore reject them in a unitary or in full way, from the option\u00a0<strong>\u201cCambiar preferencias\u201d.<\/strong><\/p>\n<p>If cookies are disabled or rejected, some of the features and\/or services may not function properly.<\/p>\n<p>The portal does not exercise control over the websites displayed as a result of your search, links or accesses from our directory. These other websites may place their own cookies or ask you for personal information.<\/p>\n<p><strong>4. \u00a0 How can our users disable cookies in major browsers?<\/strong><\/p>\n<p>It is usually possible to stop accepting browser cookies, or to stop accepting cookies from a particular service.<\/p>\n<p>All modern browsers allow you\u00a0<strong>to change the cookie settings.<\/strong><\/p>\n<p>These settings are usually found in the \u2018Options\u2019 or \u2018Preferences\u2019 menu of your browser.<\/p>\n<p>Although it may vary slightly from one browser version to another, the cookie policy settings for the most commonly used browsers are as follows:<\/p>\n<ul>\n<li><strong>Internet Explorer:<\/strong>\u00a0Tools -&gt; Internet Options -&gt; Privacy -&gt; Settings.<\/li>\n<li><strong>Firefox:<\/strong>\u00a0Preferences -&gt; Privacy and Security<\/li>\n<li><strong>Chrome:<\/strong>\u00a0Preferences -&gt; Settings -&gt; Show advanced options -&gt; Privacy and Security<\/li>\n<li><strong>Safari:<\/strong>\u00a0Preferences -&gt; Privacy.<\/li>\n<li><strong>Opera:<\/strong>\u00a0Settings -&gt; Privacy and security.<\/li>\n<\/ul>\n<p>For more information, you can consult the support or help of your browser or through the following links:\u00a0<a href=\"https:\/\/support.apple.com\/kb\/ph17191?locale=es_ES\">Safari<\/a>, \u00a0<a href=\"https:\/\/support.google.com\/chrome\/answer\/95647?hl=es\">Chrome<\/a>, \u00a0<a href=\"https:\/\/support.mozilla.org\/es\/kb\/habilitar-y-deshabilitar-cookies-sitios-web-rastrear-preferencias?redirectlocale=es&amp;redirectslug=habilitar-y-deshabilitar-cookies-que-los-sitios-we\">Firefox<\/a>, \u00a0<a href=\"https:\/\/support.microsoft.com\/es-es\/help\/17442\/windows-internet-explorer-delete-manage-cookies\">Explorer<\/a>, \u00a0<a href=\"https:\/\/www.opera.com\/help\/tutorials\/security\/privacy\/\">Opera<\/a>.<\/p>\n<p>Many browsers allow you to activate a private mode by which cookies are always deleted after your visit. Depending on each browser this private mode, it may have different names. Below you will find a list of the most common browsers and the different names of this \u201cprivate mode\u201d:<\/p>\n<ul>\n<li>Internet Explorer 8 and above \u2013 Private Browsing<\/li>\n<li>Safari 2 and above \u2013 Private Browsing<\/li>\n<li>Opera 10.5 and above \u2013 Private Browsing<\/li>\n<li>Firefox 3.5 and above \u2013 Private Browsing<\/li>\n<li>Google Chrome 10 and above \u2013 Incognito<\/li>\n<\/ul>\n<p><strong>5. \u00a0 How can I disable third-party cookies?<\/strong><\/p>\n<p><strong>Please note that if you accept third-party cookies, you must delete them from your browser options or from the system offered by the third party itself.<\/strong><\/p>\n<p>If you wish to know the conditions of privacy and use of third-party cookies, you can access the cookie policies of:<\/p>\n<ul>\n<li>YouTube:\u00a0<a href=\"https:\/\/www.google.es\/intl\/es\/policies\/technologies\/cookies\/\">https:\/\/www.google.es\/intl\/es\/policies\/technologies\/cookies\/<\/a><\/li>\n<li>LinkedIn:\u00a0<a href=\"https:\/\/www.linkedin.com\/psettings\/guest-controls\/retargeting-opt-out?trk=microsites-frontend_legal_cookie-policy\">https:\/\/www.linkedin.com\/psettings\/guest-controls\/retargeting-opt-out?trk=microsites-frontend_legal_cookie-policy<\/a><\/li>\n<li>Google:\u00a0<a href=\"https:\/\/www.google.es\/intl\/es\/policies\/technologies\/cookies\/\">https:\/\/www.google.es\/intl\/es\/policies\/technologies\/cookies\/<\/a><\/li>\n<\/ul>\n<p><strong>6. \u00a0 What happens if I do not accept cookies from the website?<\/strong><\/p>\n<p>In the event that the user does not allow the installation of cookies in his browser, he\/she may not be able to access any of the sections of our website.<\/p>\n<p><strong>7. \u00a0 Are my data transferred internationally?<\/strong><\/p>\n<p>According to Articles 44 and following the European Data Protection Regulation (GDPR), transfers based on an adequacy decision of the European Commission or where adequate safeguards exist through a legally binding and enforceable instrument between public authorities and bodies, or through binding corporate rules, or model clauses adopted or approved by the Commission, or through codes of conduct or certification mechanisms. Otherwise, the authorization of the competent Supervisory Authority or, if not, the explicit consent of the data subject or other cases set out in Article 49 GDPR shall be required.<\/p>\n<p>We inform you that ASSOCIACI\u00d3 TECH BARCELONA does make international transfers of your data as a result of contracting the hosting and maintenance service of the server where the business management program (ZOHO) is hosted by TB, your data may be transferred to service provider located outside of the ZOHO CORPORATION Economic Area (\u201cZoho US\u201d) located at 4141 Hacienda Drive, Pleasanton, California 94588, USA and can be accessed on a need basis for support functions provided by ZOHO CORPORATION PVT. LTD (\u201cZoho India\u201d) located at Estancia IT Park, Parcel No. 140 and 151, GST Road, Vallancherry Village, Chengalpattu Taluk, Kanchipuram District 603 202, India. In this sense, we inform you that TB has signed with \u201cZoho Group\u201d (Zoho US and Zoho India) the standard contractual clauses adopted by the Commission, therefore offering adequate guarantees regarding international data transfers as a result of hiring this provider. .<\/p>\n<p>As for third-party cookies, you can find out about transfers to third countries that, if applicable, are made by third parties identified in this cookie policy in their respective policies (see links provided above).<\/p>\n<p><strong>8. \u00a0 Is my navigation profile developed and automated decisions are made that may affect me legally or significantly?<\/strong><\/p>\n<p>We inform you that ASSOCIACI\u00d3 TECH BARCELONA does not profile your navigation that lead to automated decision making that may affect you legally or significantly or if you profile your navigation and automated decisions are made that may affect you legally or significantly.<\/p>\n<p><strong>9. \u00a0Is my sensitive data processing carried out?<\/strong><\/p>\n<p>We inform you that ASSOCIACI\u00d3 TECH BARCELONA does not process sensitive data.<\/p>\n<p><strong>10. \u00a0 Learn more<\/strong><\/p>\n<p><strong>For more information about cookies and their rights as a user you can consult the Guide on the use of cookies prepared by the Spanish Data Protection Agency (\u201c<a href=\"https:\/\/www.aepd.es\/sites\/default\/files\/2020-07\/guia-cookies.pdf\"><u>Gu\u00eda sobre el uso de cookies elaborada por la Agencia Espa\u00f1ola de Protecci\u00f3n de Datos<\/u><\/a>\u201d).<\/strong><\/p>\n<p>For more information on the processing of your personal data you can access the\u00a0<a href=\"https:\/\/www.techbarcelona.com\/en\/politica-de-privacidad\/\"><strong>Privacy Policy<\/strong><\/a>\u00a0of ASSOCIACI\u00d3 TECH BARCELONA.<\/p>\n","protected":false},"excerpt":{"rendered":"<p>1.\u00a0 \u00a0What are cookies? A cookie is a small file that is stored on users\u2019 computer, mobile or tablet when accessing certain web pages, application or platform and that allow them to recognize their users. Cookies are currently essential for the functioning of the Internet, providing countless advantages in the [&hellip;]<\/p>\n","protected":false},"author":1,"featured_media":0,"parent":0,"menu_order":0,"comment_status":"closed","ping_status":"closed","template":"page-legal.php","meta":{"_acf_changed":false,"_mo_disable_npp":"","footnotes":""},"class_list":["post-158","page","type-page","status-publish","hentry"],"acf":[],"yoast_head":"<!-- This site is optimized with the Yoast SEO plugin v27.5 - https:\/\/yoast.com\/product\/yoast-seo-wordpress\/ -->\n<title>Cookies Policy - Tech Barcelona<\/title>\n<meta name=\"robots\" content=\"index, follow, max-snippet:-1, max-image-preview:large, max-video-preview:-1\" \/>\n<link rel=\"canonical\" href=\"https:\/\/www.techbarcelona.com\/en\/cookies-policy\/\" \/>\n<meta property=\"og:locale\" content=\"en_US\" \/>\n<meta property=\"og:type\" content=\"article\" \/>\n<meta property=\"og:title\" content=\"Cookies Policy - Tech Barcelona\" \/>\n<meta property=\"og:description\" content=\"1.\u00a0 \u00a0What are cookies? A cookie is a small file that is stored on users\u2019 computer, mobile or tablet when accessing certain web pages, application or platform and that allow them to recognize their users. Cookies are currently essential for the functioning of the Internet, providing countless advantages in the [&hellip;]\" \/>\n<meta property=\"og:url\" content=\"https:\/\/www.techbarcelona.com\/en\/cookies-policy\/\" \/>\n<meta property=\"og:site_name\" content=\"Tech Barcelona\" \/>\n<meta property=\"article:publisher\" content=\"https:\/\/www.facebook.com\/BarcelonaTechCity\" \/>\n<meta property=\"article:modified_time\" content=\"2021-07-05T16:05:22+00:00\" \/>\n<meta name=\"twitter:card\" content=\"summary_large_image\" \/>\n<meta name=\"twitter:site\" content=\"@bcntechcity\" \/>\n<meta name=\"twitter:label1\" content=\"Est. reading time\" \/>\n\t<meta name=\"twitter:data1\" content=\"8 minutes\" \/>\n<script type=\"application\/ld+json\" class=\"yoast-schema-graph\">{\"@context\":\"https:\\\/\\\/schema.org\",\"@graph\":[{\"@type\":\"WebPage\",\"@id\":\"https:\\\/\\\/www.techbarcelona.com\\\/en\\\/cookies-policy\\\/\",\"url\":\"https:\\\/\\\/www.techbarcelona.com\\\/en\\\/cookies-policy\\\/\",\"name\":\"Cookies Policy - Tech Barcelona\",\"isPartOf\":{\"@id\":\"https:\\\/\\\/www.techbarcelona.com\\\/en\\\/#website\"},\"datePublished\":\"2021-06-16T11:30:31+00:00\",\"dateModified\":\"2021-07-05T16:05:22+00:00\",\"breadcrumb\":{\"@id\":\"https:\\\/\\\/www.techbarcelona.com\\\/en\\\/cookies-policy\\\/#breadcrumb\"},\"inLanguage\":\"en-US\",\"potentialAction\":[{\"@type\":\"ReadAction\",\"target\":[\"https:\\\/\\\/www.techbarcelona.com\\\/en\\\/cookies-policy\\\/\"]}]},{\"@type\":\"BreadcrumbList\",\"@id\":\"https:\\\/\\\/www.techbarcelona.com\\\/en\\\/cookies-policy\\\/#breadcrumb\",\"itemListElement\":[{\"@type\":\"ListItem\",\"position\":1,\"name\":\"Portada\",\"item\":\"https:\\\/\\\/www.techbarcelona.com\\\/en\\\/\"},{\"@type\":\"ListItem\",\"position\":2,\"name\":\"Cookies Policy\"}]},{\"@type\":\"WebSite\",\"@id\":\"https:\\\/\\\/www.techbarcelona.com\\\/en\\\/#website\",\"url\":\"https:\\\/\\\/www.techbarcelona.com\\\/en\\\/\",\"name\":\"Tech Barcelona\",\"description\":\"\",\"publisher\":{\"@id\":\"https:\\\/\\\/www.techbarcelona.com\\\/en\\\/#organization\"},\"potentialAction\":[{\"@type\":\"SearchAction\",\"target\":{\"@type\":\"EntryPoint\",\"urlTemplate\":\"https:\\\/\\\/www.techbarcelona.com\\\/en\\\/?s={search_term_string}\"},\"query-input\":{\"@type\":\"PropertyValueSpecification\",\"valueRequired\":true,\"valueName\":\"search_term_string\"}}],\"inLanguage\":\"en-US\"},{\"@type\":\"Organization\",\"@id\":\"https:\\\/\\\/www.techbarcelona.com\\\/en\\\/#organization\",\"name\":\"Tech Barcelona\",\"url\":\"https:\\\/\\\/www.techbarcelona.com\\\/en\\\/\",\"logo\":{\"@type\":\"ImageObject\",\"inLanguage\":\"en-US\",\"@id\":\"https:\\\/\\\/www.techbarcelona.com\\\/en\\\/#\\\/schema\\\/logo\\\/image\\\/\",\"url\":\"https:\\\/\\\/www.techbarcelona.com\\\/wp-content\\\/uploads\\\/logo-tech-bcn-black.png\",\"contentUrl\":\"https:\\\/\\\/www.techbarcelona.com\\\/wp-content\\\/uploads\\\/logo-tech-bcn-black.png\",\"width\":347,\"height\":90,\"caption\":\"Tech Barcelona\"},\"image\":{\"@id\":\"https:\\\/\\\/www.techbarcelona.com\\\/en\\\/#\\\/schema\\\/logo\\\/image\\\/\"},\"sameAs\":[\"https:\\\/\\\/www.facebook.com\\\/BarcelonaTechCity\",\"https:\\\/\\\/x.com\\\/bcntechcity\",\"https:\\\/\\\/www.instagram.com\\\/bcntechcity\\\/\",\"https:\\\/\\\/www.linkedin.com\\\/company\\\/barcelona-tech-city\\\/\",\"https:\\\/\\\/www.youtube.com\\\/channel\\\/UCKX-ZX0pM37GRtVNKgr4Rxg\"]}]}<\/script>\n<!-- \/ Yoast SEO plugin. -->","yoast_head_json":{"title":"Cookies Policy - Tech Barcelona","robots":{"index":"index","follow":"follow","max-snippet":"max-snippet:-1","max-image-preview":"max-image-preview:large","max-video-preview":"max-video-preview:-1"},"canonical":"https:\/\/www.techbarcelona.com\/en\/cookies-policy\/","og_locale":"en_US","og_type":"article","og_title":"Cookies Policy - Tech Barcelona","og_description":"1.\u00a0 \u00a0What are cookies? A cookie is a small file that is stored on users\u2019 computer, mobile or tablet when accessing certain web pages, application or platform and that allow them to recognize their users. Cookies are currently essential for the functioning of the Internet, providing countless advantages in the [&hellip;]","og_url":"https:\/\/www.techbarcelona.com\/en\/cookies-policy\/","og_site_name":"Tech Barcelona","article_publisher":"https:\/\/www.facebook.com\/BarcelonaTechCity","article_modified_time":"2021-07-05T16:05:22+00:00","twitter_card":"summary_large_image","twitter_site":"@bcntechcity","twitter_misc":{"Est. reading time":"8 minutes"},"schema":{"@context":"https:\/\/schema.org","@graph":[{"@type":"WebPage","@id":"https:\/\/www.techbarcelona.com\/en\/cookies-policy\/","url":"https:\/\/www.techbarcelona.com\/en\/cookies-policy\/","name":"Cookies Policy - Tech Barcelona","isPartOf":{"@id":"https:\/\/www.techbarcelona.com\/en\/#website"},"datePublished":"2021-06-16T11:30:31+00:00","dateModified":"2021-07-05T16:05:22+00:00","breadcrumb":{"@id":"https:\/\/www.techbarcelona.com\/en\/cookies-policy\/#breadcrumb"},"inLanguage":"en-US","potentialAction":[{"@type":"ReadAction","target":["https:\/\/www.techbarcelona.com\/en\/cookies-policy\/"]}]},{"@type":"BreadcrumbList","@id":"https:\/\/www.techbarcelona.com\/en\/cookies-policy\/#breadcrumb","itemListElement":[{"@type":"ListItem","position":1,"name":"Portada","item":"https:\/\/www.techbarcelona.com\/en\/"},{"@type":"ListItem","position":2,"name":"Cookies Policy"}]},{"@type":"WebSite","@id":"https:\/\/www.techbarcelona.com\/en\/#website","url":"https:\/\/www.techbarcelona.com\/en\/","name":"Tech Barcelona","description":"","publisher":{"@id":"https:\/\/www.techbarcelona.com\/en\/#organization"},"potentialAction":[{"@type":"SearchAction","target":{"@type":"EntryPoint","urlTemplate":"https:\/\/www.techbarcelona.com\/en\/?s={search_term_string}"},"query-input":{"@type":"PropertyValueSpecification","valueRequired":true,"valueName":"search_term_string"}}],"inLanguage":"en-US"},{"@type":"Organization","@id":"https:\/\/www.techbarcelona.com\/en\/#organization","name":"Tech Barcelona","url":"https:\/\/www.techbarcelona.com\/en\/","logo":{"@type":"ImageObject","inLanguage":"en-US","@id":"https:\/\/www.techbarcelona.com\/en\/#\/schema\/logo\/image\/","url":"https:\/\/www.techbarcelona.com\/wp-content\/uploads\/logo-tech-bcn-black.png","contentUrl":"https:\/\/www.techbarcelona.com\/wp-content\/uploads\/logo-tech-bcn-black.png","width":347,"height":90,"caption":"Tech Barcelona"},"image":{"@id":"https:\/\/www.techbarcelona.com\/en\/#\/schema\/logo\/image\/"},"sameAs":["https:\/\/www.facebook.com\/BarcelonaTechCity","https:\/\/x.com\/bcntechcity","https:\/\/www.instagram.com\/bcntechcity\/","https:\/\/www.linkedin.com\/company\/barcelona-tech-city\/","https:\/\/www.youtube.com\/channel\/UCKX-ZX0pM37GRtVNKgr4Rxg"]}]}},"_links":{"self":[{"href":"https:\/\/www.techbarcelona.com\/en\/wp-json\/wp\/v2\/pages\/158","targetHints":{"allow":["GET"]}}],"collection":[{"href":"https:\/\/www.techbarcelona.com\/en\/wp-json\/wp\/v2\/pages"}],"about":[{"href":"https:\/\/www.techbarcelona.com\/en\/wp-json\/wp\/v2\/types\/page"}],"author":[{"embeddable":true,"href":"https:\/\/www.techbarcelona.com\/en\/wp-json\/wp\/v2\/users\/1"}],"replies":[{"embeddable":true,"href":"https:\/\/www.techbarcelona.com\/en\/wp-json\/wp\/v2\/comments?post=158"}],"version-history":[{"count":5,"href":"https:\/\/www.techbarcelona.com\/en\/wp-json\/wp\/v2\/pages\/158\/revisions"}],"predecessor-version":[{"id":25109,"href":"https:\/\/www.techbarcelona.com\/en\/wp-json\/wp\/v2\/pages\/158\/revisions\/25109"}],"wp:attachment":[{"href":"https:\/\/www.techbarcelona.com\/en\/wp-json\/wp\/v2\/media?parent=158"}],"curies":[{"name":"wp","href":"https:\/\/api.w.org\/{rel}","templated":true}]}}